{"id":2,"date":"2026-04-15T20:07:07","date_gmt":"2026-04-15T20:07:07","guid":{"rendered":"https:\/\/www.crbpd.org\/?page_id=2"},"modified":"2026-04-17T16:47:29","modified_gmt":"2026-04-17T23:47:29","slug":"pagina-ejemplo","status":"publish","type":"page","link":"https:\/\/www.crbpd.org\/","title":{"rendered":"Convenci\u00f3n Regional Bautista &#8220;Pueblo de Dios&#8221;"},"content":{"rendered":"\n<p><strong>Misi\u00f3n<\/strong><br>Unir y coordinar esfuerzos y acciones de las Iglesias Bautistas para establecer programas de formaci\u00f3n de pastores y misioneros, de apertura misioneras en campos transculturales, as\u00ed como la instalaci\u00f3n de centros con un ministerio social, que fortalezcan y reproduzcan la Obra del Reino de Nuestro Se\u00f1or.<\/p>\n\n\n\n<p><strong>Visi\u00f3n<\/strong><br>Ser un instrumento del Se\u00f1or que impulse y oriente la realizaci\u00f3n de la Gran Comisi\u00f3n de las Iglesias Bautistas para el extendimiento del Reino de Dios.<\/p>\n\n\n\n<p><strong>Texto Lema<\/strong><br>\u201cEnsancha el sitio de tu tienda, alarga tus cuerdas\u2026 y refuerza tus estacas\u201d Isa\u00edas 54:2<\/p>\n\n\n\n<p><strong>Nuestra Identidad<\/strong><br>La Convenci\u00f3n Regional Bautista de Chihuahua \u201cPueblo de Dios\u201d es una agrupaci\u00f3n de las iglesias Bautistas del Estado de Chihuahua, constituidas en asociaci\u00f3n religiosa de acuerdo a las leyes de nuestro pa\u00eds, con personalidad jur\u00eddica propia y que se sostiene con las aportaciones que realizan sus miembros.<br>Su domicilio social se encuentra en la ciudad de Chihuahua, cuenta con 34 iglesias miembro que se ubica en las ciudades de Chihuahua, Delicias, Cuauht\u00e9moc, Aldama, Parral, Ojinaga, Guachochi, Creel, El Sauz.<br>Se gobierna a trav\u00e9s de una Asamblea General integrada por delegados o mensajeros de cada iglesia miembro, que delega, en una mesa Directiva la ejecuci\u00f3n, supervisi\u00f3n y evaluaci\u00f3n de los acuerdos y decisiones en ella resueltos.<br>Todas sus actividades tienen un prop\u00f3sito inmediato y final, llevar el evangelio de salvaci\u00f3n en Cristo a toda criatura.<\/p>\n","protected":false},"excerpt":{"rendered":"<p>Misi\u00f3nUnir y coordinar esfuerzos y acciones de las Iglesias Bautistas para establecer programas de formaci\u00f3n de pastores y misioneros, de apertura misioneras en campos transculturales, as\u00ed como la instalaci\u00f3n de centros con un ministerio social, que fortalezcan y reproduzcan la Obra del Reino de Nuestro Se\u00f1or. Visi\u00f3nSer un instrumento del Se\u00f1or que impulse y oriente [&hellip;]<\/p>\n","protected":false},"author":1,"featured_media":0,"parent":0,"menu_order":0,"comment_status":"closed","ping_status":"open","template":"","meta":{"zakra_page_container_layout":"customizer","zakra_page_sidebar_layout":"customizer","zakra_remove_content_margin":false,"zakra_sidebar":"customizer","zakra_transparent_header":"customizer","zakra_logo":0,"zakra_main_header_style":"default","zakra_menu_item_color":"","zakra_menu_item_hover_color":"","zakra_menu_item_active_color":"","zakra_menu_active_style":"","zakra_page_header":true,"footnotes":""},"class_list":["post-2","page","type-page","status-publish","hentry"],"_links":{"self":[{"href":"https:\/\/www.crbpd.org\/index.php\/wp-json\/wp\/v2\/pages\/2","targetHints":{"allow":["GET"]}}],"collection":[{"href":"https:\/\/www.crbpd.org\/index.php\/wp-json\/wp\/v2\/pages"}],"about":[{"href":"https:\/\/www.crbpd.org\/index.php\/wp-json\/wp\/v2\/types\/page"}],"author":[{"embeddable":true,"href":"https:\/\/www.crbpd.org\/index.php\/wp-json\/wp\/v2\/users\/1"}],"replies":[{"embeddable":true,"href":"https:\/\/www.crbpd.org\/index.php\/wp-json\/wp\/v2\/comments?post=2"}],"version-history":[{"count":2,"href":"https:\/\/www.crbpd.org\/index.php\/wp-json\/wp\/v2\/pages\/2\/revisions"}],"predecessor-version":[{"id":9,"href":"https:\/\/www.crbpd.org\/index.php\/wp-json\/wp\/v2\/pages\/2\/revisions\/9"}],"wp:attachment":[{"href":"https:\/\/www.crbpd.org\/index.php\/wp-json\/wp\/v2\/media?parent=2"}],"curies":[{"name":"wp","href":"https:\/\/api.w.org\/{rel}","templated":true}]}}